{"id":3188,"date":"2025-09-28T17:38:28","date_gmt":"2025-09-28T10:38:28","guid":{"rendered":"https:\/\/cdmassage.com\/?post_type=product&#038;p=3188"},"modified":"2025-10-15T15:02:10","modified_gmt":"2025-10-15T08:02:10","slug":"ma-so-ktv-550-massage-tai-nha-tp-hcm-11h-21h","status":"publish","type":"product","link":"https:\/\/cdmassage.com\/en\/ky-thuat-vien\/ma-so-ktv-550-massage-tai-nha-tp-hcm-11h-21h\/","title":{"rendered":"M\u00c3 S\u1ed0 KTV 550 : MASSAGE T\u1ea0I NH\u00c0 TP.HCM 11H-21H"},"content":{"rendered":"<div class=\"row\" id=\"row-717702791\">\n\n\t<div id=\"col-2002248995\" class=\"col small-12 large-12\" >\n\t\t\t\t<div class=\"col-inner text-center\" >\n\t\t\t\n\t\t\t\n<h3>ONLINE BOOKING INSTRUCTIONS:<\/h3>\n<p>Select the appropriate ticket, add your address, and send. No account needed\u2014just choose and book. After booking, our staff will contact you with the estimated travel time and arrange the service.<\/p>\n<a href=\"tel:0913035525\" target=\"_self\" class=\"button primary is-shade is-larger box-shadow-4 box-shadow-5-hover\" style=\"border-radius:10px;\">\n <i class=\"icon-phone\" aria-hidden=\"true\" ><\/i> <span>0913 035 525<\/span>\n <\/a>\n\n<h3>BOOK MASSAGE VIA SMS<\/h3>\n<p>Booking via the SMS option below only works on phones with an active SIM card. If you're using a phone or computer without a SIM, please book online above.<\/p>\n\t\t<\/div>\n\t\t\t\t\t<\/div>\n\n\t\n\n\t<div id=\"col-2122995072\" class=\"col medium-6 small-12 large-6\" >\n\t\t\t\t<div class=\"col-inner text-center\" >\n\t\t\t\n\t<div class=\"is-border\"\n\t\tstyle=\"border-radius:15px;border-width:2px 2px 2px 2px;\">\n\t<\/div>\n\t\t\t\n<h4><strong>V\u00c9 K\u1ef8 THU\u1eacT VI\u00caN 550<\/strong><\/h4>\n<p>60-MINUTE BODY MASSAGE: <span style=\"color: #886d49;\"><strong>470.000\u0111<\/strong><\/span><\/p>\n<p>Includes tip + travel fee (just pay the listed price)<\/p>\n<a href=\"sms:+84913035525?&#038;body=Booking%20massage:%20V\u00e9%20KTV%20550,%2060min%20470.000\u0111,%20\u0110\u1ecba%20ch\u1ec9%20c\u1ee7a%20t\u00f4i%20l\u00e0:\" target=\"_self\" class=\"button primary\" style=\"border-radius:10px;\">\n <span>Book now<\/span>\n <\/a>\n\n\t\t<\/div>\n\t\t\t\t\n<style>\n#col-2122995072 > .col-inner{\n padding:10px 0px 0px 0px;\n}\n<\/style>\n\t<\/div>\n\n\t\n\n\t<div id=\"col-263826148\" class=\"col medium-6 small-12 large-6\" >\n\t\t\t\t<div class=\"col-inner text-center\" >\n\t\t\t\n\t<div class=\"is-border\"\n\t\tstyle=\"border-radius:15px;border-width:2px 2px 2px 2px;\">\n\t<\/div>\n\t\t\t\n<h4><strong>V\u00c9 K\u1ef8 THU\u1eacT VI\u00caN 550<\/strong><\/h4>\n<p>90 PH\u00daT MASSAGE BODY: <span style=\"color: #886d49;\"><strong>550.000\u0111<\/strong><\/span><\/p>\n<p>Includes tip + travel fee (just pay the listed price)<\/p>\n<a href=\"sms:+84913035525?&#038;body=Booking%20massage:%20V\u00e9%20KTV%20550,%2090min%20550.000\u0111,%20\u0110\u1ecba%20ch\u1ec9%20c\u1ee7a%20t\u00f4i%20l\u00e0:\" target=\"_self\" class=\"button primary\" style=\"border-radius:10px;\">\n <span>Book now<\/span>\n <\/a>\n\n\t\t<\/div>\n\t\t\t\t\n<style>\n#col-263826148 > .col-inner{\n padding:10px 0px 0px 0px;\n}\n<\/style>\n\t<\/div>\n\n\t\n\n\t<div id=\"col-1846884442\" class=\"col medium-6 small-12 large-6\" >\n\t\t\t\t<div class=\"col-inner text-center\" >\n\t\t\t\n\t<div class=\"is-border\"\n\t\tstyle=\"border-radius:15px;border-width:2px 2px 2px 2px;\">\n\t<\/div>\n\t\t\t\n<h4><strong>V\u00c9 K\u1ef8 THU\u1eacT VI\u00caN 550<\/strong><\/h4>\n<p>120 PH\u00daT MASSAGE BODY: <span style=\"color: #886d49;\"><strong>700.000\u0111<\/strong><\/span><\/p>\n<p>Includes tip + travel fee (just pay the listed price)<\/p>\n<a href=\"sms:+84913035525?&#038;body=Booking%20massage:%20V\u00e9%20KTV%20550,%20120min%20700.000\u0111,%20\u0110\u1ecba%20ch\u1ec9%20c\u1ee7a%20t\u00f4i%20l\u00e0:\" target=\"_self\" class=\"button primary\" style=\"border-radius:10px;\">\n <span>Book now<\/span>\n <\/a>\n\n\t\t<\/div>\n\t\t\t\t\n<style>\n#col-1846884442 > .col-inner{\n padding:10px 0px 0px 0px;\n}\n<\/style>\n\t<\/div>\n\n\t\n<\/div>\n<div class=\"row\" id=\"row-827371640\">\n\n\n\t<div id=\"col-294209917\" class=\"col small-12 large-12\" >\n\t\t\t\t<div class=\"col-inner\" >\n\t\t\t\n\t\t\t\n\n<h2>Types of Massage<\/h2>\n<h3>1. Thailand Massage<\/h3>\n<p class=\"translation-block\">Thai massage is a therapy that focuses on strong pressure and full-body stretching movements. The therapist combines stroking, circular motions, deep pressure, and gliding techniques across the body to help release tension and enhance flexibility.<\/p>\n<h3>2. Sweden Massage<\/h3>\n<p class=\"translation-block\"><b>Massage Th\u1ee5y \u0110i\u1ec3n<\/b> l\u00e0 ph\u01b0\u01a1ng ph\u00e1p <b>massage to\u00e0n th\u00e2n nh\u1eb9 nh\u00e0ng<\/b>, t\u1eadp trung v\u00e0o vi\u1ec7c gi\u1ea3i ph\u00f3ng t\u00ecnh tr\u1ea1ng c\u0103ng c\u01a1. C\u00e1c \u0111\u1ed9ng t\u00e1c ch\u1ee7 y\u1ebfu bao g\u1ed3m mi\u1ebft, xo\u00e1y tr\u00f2n, l\u1ef1c \u0111\u1ea7m, vu\u1ed1t \u0111u\u1ed5i nhau tr\u00ean c\u01a1 th\u1ec3, k\u1ebft h\u1ee3p v\u1edbi c\u0103ng c\u01a1 nh\u1eb9 nh\u00e0ng \u0111\u1ec3 mang l\u1ea1i c\u1ea3m gi\u00e1c th\u01b0 gi\u00e3n s\u00e2u.<\/p>\n<h3>3. C\u1ea1o Gi\u00f3 K\u1ebft H\u1ee3p Xoa B\u00f3p<\/h3>\n<p><b>C\u1ea1o gi\u00f3<\/b> l\u00e0 m\u1ed9t ph\u01b0\u01a1ng ph\u00e1p tr\u1ecb li\u1ec7u truy\u1ec1n th\u1ed1ng s\u1eed d\u1ee5ng d\u1ee5ng c\u1ee5 c\u1ea1o b\u1eb1ng kim lo\u1ea1i ho\u1eb7c s\u1ee9 \u0111\u1ec3 <b>mi\u1ebft nh\u1eb9 tr\u00ean da<\/b>. M\u1ee5c \u0111\u00edch c\u1ee7a ph\u01b0\u01a1ng ph\u00e1p n\u00e0y l\u00e0 lo\u1ea1i b\u1ecf t\u00ecnh tr\u1ea1ng t\u1eafc ngh\u1ebdn trong c\u00e1c \u0111\u01b0\u1eddng kinh l\u1ea1c, gi\u00fap n\u0103ng l\u01b0\u1ee3ng l\u01b0u th\u00f4ng t\u1ed1t h\u01a1n v\u00e0 gi\u1ea3m \u0111au nh\u1ee9c. Theo y h\u1ecdc c\u1ed5 truy\u1ec1n, c\u1ea1o gi\u00f3 c\u00f3 th\u1ec3 gi\u00fap c\u1ea3i thi\u1ec7n s\u1ee9c \u0111\u1ec1 kh\u00e1ng c\u1ee7a c\u01a1 th\u1ec3 v\u00e0 h\u1ed7 tr\u1ee3 \u0111i\u1ec1u tr\u1ecb m\u1ed9t s\u1ed1 b\u1ec7nh l\u00fd.<\/p>\n\n\n\n\t\t<\/div>\n\t\t\t\t\t<\/div>\n\n\t\n\n\t<div id=\"col-1109125897\" class=\"col small-12 large-12\" >\n\t\t\t\t<div class=\"col-inner\" >\n\t\t\t\n\t<div class=\"is-border\"\n\t\tstyle=\"border-width:1px 1px 1px 1px;\">\n\t<\/div>\n\t\t\t\n\n<h2>So S\u00e1nh \"V\u00e9 K\u1ef9 Thu\u1eadt Vi\u00ean Ng\u1eabu Nhi\u00ean\" &amp; \"V\u00e9 Ch\u1ecdn K\u1ef9 Thu\u1eadt Vi\u00ean\" Massage t\u1ea1i nh\u00e0<\/h2>\n<p>\u0110\u1ec3 gi\u00fap b\u1ea1n \u0111\u01b0a ra l\u1ef1a ch\u1ecdn ph\u00f9 h\u1ee3p nh\u1ea5t, d\u01b0\u1edbi \u0111\u00e2y l\u00e0 ph\u00e2n t\u00edch \u01b0u v\u00e0 nh\u01b0\u1ee3c \u0111i\u1ec3m c\u1ee7a t\u1eebng lo\u1ea1i v\u00e9:<\/p>\n<h3>V\u00e9 K\u1ef9 Thu\u1eadt Vi\u00ean Ng\u1eabu Nhi\u00ean<\/h3>\n<p><b>\u01afu \u0111i\u1ec3m:<\/b><\/p>\n<ul>\n<li><b>Ti\u1ebft ki\u1ec7m chi ph\u00ed:<\/b> \u0110\u00e2y l\u00e0 l\u1ef1a ch\u1ecdn kinh t\u1ebf h\u01a1n, gi\u00fap b\u1ea1n t\u1eadn h\u01b0\u1edfng d\u1ecbch v\u1ee5 massage ch\u1ea5t l\u01b0\u1ee3ng v\u1edbi m\u1ee9c gi\u00e1 ph\u1ea3i ch\u0103ng.<\/li>\n<li><b>Th\u1eddi gian ph\u1ee5c v\u1ee5 nhanh ch\u00f3ng:<\/b> K\u1ef9 thu\u1eadt vi\u00ean s\u1ebd \u0111\u01b0\u1ee3c \u0111i\u1ec1u ph\u1ed1i \u0111\u1ebfn b\u1ea1n ngay l\u1eadp t\u1ee9c, gi\u1ea3m thi\u1ec3u th\u1eddi gian ch\u1edd \u0111\u1ee3i.<\/li>\n<li><b>Ch\u1ea5t l\u01b0\u1ee3ng d\u1ecbch v\u1ee5 \u0111\u1ed3ng nh\u1ea5t:<\/b> M\u1eb7c d\u00f9 k\u1ef9 thu\u1eadt vi\u00ean \u0111\u01b0\u1ee3c ch\u1ecdn ng\u1eabu nhi\u00ean, ch\u00fang t\u00f4i cam k\u1ebft ch\u1ea5t l\u01b0\u1ee3ng d\u1ecbch v\u1ee5 v\u00e0 phong c\u00e1ch ph\u1ee5c v\u1ee5 lu\u00f4n \u0111\u01b0\u1ee3c \u0111\u1ea3m b\u1ea3o nh\u01b0 nhau.<\/li>\n<\/ul>\n<p><b>Nh\u01b0\u1ee3c \u0111i\u1ec3m:<\/b><\/p>\n<ul>\n<li><b>Kh\u00f4ng \u0111\u01b0\u1ee3c l\u1ef1a ch\u1ecdn k\u1ef9 thu\u1eadt vi\u00ean:<\/b> B\u1ea1n s\u1ebd kh\u00f4ng th\u1ec3 ch\u1ecdn k\u1ef9 thu\u1eadt vi\u00ean c\u1ee5 th\u1ec3 theo s\u1edf th\u00edch c\u00e1 nh\u00e2n.<\/li>\n<\/ul>\n<h3>V\u00e9 Ch\u1ecdn K\u1ef9 Thu\u1eadt Vi\u00ean<\/h3>\n<p><b>\u01afu \u0111i\u1ec3m:<\/b><\/p>\n<ul>\n<li><b>\u0110\u01b0\u1ee3c l\u1ef1a ch\u1ecdn k\u1ef9 thu\u1eadt vi\u00ean y\u00eau th\u00edch:<\/b> B\u1ea1n c\u00f3 th\u1ec3 y\u00eau c\u1ea7u k\u1ef9 thu\u1eadt vi\u00ean m\u00e0 b\u1ea1n tin t\u01b0\u1edfng ho\u1eb7c \u0111\u00e3 t\u1eebng h\u00e0i l\u00f2ng tr\u01b0\u1edbc \u0111\u00f3.<\/li>\n<\/ul>\n<p><b>Nh\u01b0\u1ee3c \u0111i\u1ec3m:<\/b><\/p>\n<ul>\n<li><b>C\u00f3 th\u1ec3 ph\u1ea3i ch\u1edd \u0111\u1ee3i:<\/b> Do l\u1ecbch tr\u00ecnh c\u1ee7a k\u1ef9 thu\u1eadt vi\u00ean c\u00f3 th\u1ec3 b\u1eadn ho\u1eb7c tr\u00f9ng l\u1ecbch, b\u1ea1n c\u00f3 th\u1ec3 ph\u1ea3i ch\u1edd \u0111\u1ee3i ho\u1eb7c \u0111\u1eb7t l\u1ecbch h\u1eb9n tr\u01b0\u1edbc \u0111\u1ec3 \u0111\u1ea3m b\u1ea3o c\u00f3 \u0111\u01b0\u1ee3c k\u1ef9 thu\u1eadt vi\u00ean mong mu\u1ed1n.<\/li>\n<li><b>Gi\u00e1 th\u00e0nh cao h\u01a1n:<\/b> M\u1ee9c gi\u00e1 cho v\u00e9 n\u00e0y s\u1ebd cao h\u01a1n so v\u1edbi \"V\u00e9 K\u1ef9 Thu\u1eadt Vi\u00ean Ng\u1eabu Nhi\u00ean\".<\/li>\n<\/ul>\n\n\t\t<\/div>\n\t\t\t\t\n<style>\n#col-1109125897 > .col-inner{\n padding:20px 20px 10px 20px;\n}\n<\/style>\n\t<\/div>\n\n\t\n\n\t<div id=\"col-624359154\" class=\"col small-12 large-12\" >\n\t\t\t\t<div class=\"col-inner\" >\n\t\t\t\n\t<div class=\"is-border\"\n\t\tstyle=\"border-width:1px 1px 1px 1px;\">\n\t<\/div>\n\t\t\t\n\n<h3>\u01afu v\u00e0 Nh\u01b0\u1ee3c \u0110i\u1ec3m C\u00e1c H\u00ecnh Th\u1ee9c \u0110\u1eb7t L\u1ecbch Massage t\u1ea1i nh\u00e0<\/h3>\n<p><strong>1. \u0110\u1eb7t Online Tr\u1ef1c Tuy\u1ebfn (Website):<\/strong>\u00a0Nhanh ch\u00f3ng, ti\u1ec7n l\u1ee3i, d\u1ec5 d\u00e0ng ki\u1ec3m so\u00e1t d\u1ecbch v\u1ee5 v\u00e0 l\u1ecbch tr\u1ed1ng.<\/p>\n<p><strong>2. \u0110\u1eb7t qua Tin Nh\u1eafn SMS:<\/strong> Nhanh g\u1ecdn, ti\u1ec7n l\u1ee3i khi kh\u00f4ng ti\u1ec7n g\u1ecdi \u0111i\u1ec7n.<\/p>\n<p><strong>3. \u0110\u1eb7t qua Hotline:<\/strong> \u0110\u01b0\u1ee3c t\u01b0 v\u1ea5n tr\u1ef1c ti\u1ebfp nh\u01b0ng\u00a0C\u00f3 th\u1ec3 ch\u1eadm do \u0111\u01b0\u1eddng d\u00e2y b\u1eadn v\u00e0o gi\u1edd cao \u0111i\u1ec3m.<\/p>\n\n\t\t<\/div>\n\t\t\t\t\n<style>\n#col-624359154 > .col-inner{\n padding:20px 20px 10px 20px;\n}\n<\/style>\n\t<\/div>\n\n\t\n\n\t<div id=\"col-1447460921\" class=\"col small-12 large-12\" >\n\t\t\t\t<div class=\"col-inner\" >\n\t\t\t\n\t\t\t\n\n<h3>L\u01b0u \u00fd Quan Tr\u1ecdng Khi \u0110\u1eb7t L\u1ecbch H\u1eb9n Massage<\/h3>\n<p>\u0110\u1ec3 \u0111\u1ea3m b\u1ea3o b\u1ea1n c\u00f3 tr\u1ea3i nghi\u1ec7m t\u1ed1t nh\u1ea5t v\u1edbi d\u1ecbch v\u1ee5 massage c\u1ee7a ch\u00fang t\u00f4i, vui l\u00f2ng l\u01b0u \u00fd nh\u1eefng \u0111i\u1ec1u sau:<\/p>\n<ul>\n<li><b>Cung c\u1ea5p \u0111\u1ecba ch\u1ec9 ch\u00ednh x\u00e1c:<\/b> \u0110\u1ec3 ch\u00fang t\u00f4i c\u00f3 th\u1ec3 \u0111i\u1ec1u ph\u1ed1i k\u1ef9 thu\u1eadt vi\u00ean \u0111\u1ebfn \u0111\u00fang n\u01a1i v\u00e0 nhanh ch\u00f3ng, xin h\u00e3y cung c\u1ea5p \u0111\u1ecba ch\u1ec9 c\u1ee5 th\u1ec3 m\u00e0 b\u1ea1n mu\u1ed1n nh\u1eadn d\u1ecbch v\u1ee5 massage. \u0110\u1ecba ch\u1ec9 n\u00e0y c\u1ea7n \u0111\u1ee7 chi ti\u1ebft \u0111\u1ec3 t\u00e0i x\u1ebf Grab c\u00f3 th\u1ec3 t\u00ecm th\u1ea5y, kh\u00f4ng nh\u1ea5t thi\u1ebft l\u00e0 b\u1ea1n ph\u1ea3i c\u00f3 m\u1eb7t t\u1ea1i \u0111\u00f3 ngay l\u1eadp t\u1ee9c.<\/li>\n<li><b style=\"color: #333333;\">N\u1ebfu b\u1ea1n \u0111ang du l\u1ecbch v\u00e0 ch\u01b0a c\u00f3 \u0111\u1ecba ch\u1ec9 c\u1ed1 \u0111\u1ecbnh:<\/b><span style=\"color: #333333;\"> B\u1ea1n c\u00f3 th\u1ec3 t\u00ecm m\u1ed9t kh\u00e1ch s\u1ea1n ho\u1eb7c nh\u00e0 ngh\u1ec9 g\u1ea7n khu v\u1ef1c mong mu\u1ed1n tr\u00ean Google Maps, sao ch\u00e9p \u0111\u1ecba ch\u1ec9 \u0111\u00f3 v\u00e0 g\u1eedi cho ch\u00fang t\u00f4i. Sau khi nh\u1eadn \u0111\u01b0\u1ee3c th\u1eddi gian di chuy\u1ec3n d\u1ef1 ki\u1ebfn t\u1eeb ch\u00fang t\u00f4i, b\u1ea1n ch\u1ec9 c\u1ea7n canh th\u1eddi gian v\u00e0 \u0111\u1ebfn tr\u01b0\u1edbc k\u1ef9 thu\u1eadt vi\u00ean v\u00e0i ph\u00fat l\u00e0 \u0111\u01b0\u1ee3c.<\/span><\/li>\n<li><b>H\u1ed7 tr\u1ee3 ng\u00f4n ng\u1eef cho kh\u00e1ch qu\u1ed1c t\u1ebf:<\/b> N\u1ebfu b\u1ea1n l\u00e0 du kh\u00e1ch qu\u1ed1c t\u1ebf v\u00e0 c\u00f3 r\u00e0o c\u1ea3n ng\u00f4n ng\u1eef, \u0111\u1eebng lo l\u1eafng. B\u1ea1n v\u1eabn c\u00f3 th\u1ec3 \u0111\u1eb7t d\u1ecbch v\u1ee5 b\u00ecnh th\u01b0\u1eddng. \u0110\u1ed1i v\u1edbi c\u00e1c th\u1eafc m\u1eafc v\u1ec1 d\u1ecbch v\u1ee5, vui l\u00f2ng g\u1eedi tin nh\u1eafn qua s\u1ed1 \u0111i\u1ec7n tho\u1ea1i <b>(+84913035525)<\/b> \u0111\u1ec3 ch\u00fang t\u00f4i c\u00f3 th\u1ec3 h\u1ed7 tr\u1ee3 b\u1ea1n m\u1ed9t c\u00e1ch nhanh ch\u00f3ng v\u00e0 hi\u1ec7u qu\u1ea3 nh\u1ea5t.<\/li>\n<\/ul>\n<p>Ch\u00fang t\u00f4i lu\u00f4n s\u1eb5n l\u00f2ng ph\u1ee5c v\u1ee5 v\u00e0 mang \u0111\u1ebfn cho b\u1ea1n nh\u1eefng gi\u00e2y ph\u00fat th\u01b0 gi\u00e3n tuy\u1ec7t v\u1eddi. \u0110\u1eebng ng\u1ea7n ng\u1ea1i li\u00ean h\u1ec7 n\u1ebfu b\u1ea1n c\u1ea7n th\u00eam th\u00f4ng tin ho\u1eb7c h\u1ed7 tr\u1ee3 nh\u00e9!<\/p>\n\n\t\t<\/div>\n\t\t\t\t\t<\/div>\n\n\t\n\n\t<div id=\"col-1142966618\" class=\"col small-12 large-12\" >\n\t\t\t\t<div class=\"col-inner text-center\" >\n\t\t\t\n\t\t\t\n\n<div class=\"row\" id=\"row-1679826910\">\n\n\n\t<div id=\"col-1830493604\" class=\"col medium-3 small-6 large-3\" >\n\t\t\t\t<div class=\"col-inner\" >\n\t\t\t\n\t\t\t\n\n<a href=\"https:\/\/cdmassage.com\/en\/thoi-gian-lam-viec\/\" target=\"_self\" class=\"button primary expand\" style=\"border-radius:10px;\">\n <span>WORKING HOURS<\/span>\n <\/a>\n\n\n\n\t\t<\/div>\n\t\t\t\t\n<style>\n#col-1830493604 > .col-inner{\n margin:0px 0px -20px 0px;\n}\n@media (min-width:550px){\n #col-1830493604 > .col-inner{\n margin:0px 0px -20px 0px;\n}\n}\n<\/style>\n\t<\/div>\n\n\t\n\n\t<div id=\"col-176208939\" class=\"col medium-3 small-6 large-3\" >\n\t\t\t\t<div class=\"col-inner\" >\n\t\t\t\n\t\t\t\n\n<a href=\"https:\/\/cdmassage.com\/en\/loai-dich-vu\/\" target=\"_self\" class=\"button primary expand\" style=\"border-radius:10px;\">\n <span>SERVICE TYPE<\/span>\n <\/a>\n\n\n\n\t\t<\/div>\n\t\t\t\t\n<style>\n#col-176208939 > .col-inner{\n margin:0px 0px -20px 0px;\n}\n@media (min-width:550px){\n #col-176208939 > .col-inner{\n margin:0px 0px -20px 0px;\n}\n}\n<\/style>\n\t<\/div>\n\n\t\n\n\t<div id=\"col-1062144127\" class=\"col medium-3 small-6 large-3\" >\n\t\t\t\t<div class=\"col-inner\" >\n\t\t\t\n\t\t\t\n\n<a href=\"https:\/\/cdmassage.com\/en\/751-2\/\" target=\"_self\" class=\"button primary expand\" style=\"border-radius:10px;\">\n <span>TICKET PRICE<\/span>\n <\/a>\n\n\n\n\t\t<\/div>\n\t\t\t\t\n<style>\n#col-1062144127 > .col-inner{\n margin:0px 0px -20px 0px;\n}\n@media (min-width:550px){\n #col-1062144127 > .col-inner{\n margin:0px 0px -20px 0px;\n}\n}\n<\/style>\n\t<\/div>\n\n\t\n\n\t<div id=\"col-2033420794\" class=\"col medium-3 small-6 large-3\" >\n\t\t\t\t<div class=\"col-inner\" >\n\t\t\t\n\t\t\t\n\n<a href=\"https:\/\/cdmassage.com\/en\/thanh-toan\/\" target=\"_self\" class=\"button primary expand\" style=\"border-radius:10px;\">\n <span>PAYMENT<\/span>\n <\/a>\n\n\n\n\t\t<\/div>\n\t\t\t\t\n<style>\n#col-2033420794 > .col-inner{\n margin:0px 0px -20px 0px;\n}\n@media (min-width:550px){\n #col-2033420794 > .col-inner{\n margin:0px 0px -20px 0px;\n}\n}\n<\/style>\n\t<\/div>\n\n\t\n\n\t<div id=\"col-1406931747\" class=\"col medium-3 small-6 large-3\" >\n\t\t\t\t<div class=\"col-inner\" >\n\t\t\t\n\t\t\t\n\n<a href=\"https:\/\/cdmassage.com\/en\/huong-dan-dat-lich\/\" target=\"_self\" class=\"button primary expand\" style=\"border-radius:10px;\">\n <span>BOOKING INSTRUCTIONS<\/span>\n <\/a>\n\n\n\n\t\t<\/div>\n\t\t\t\t\n<style>\n#col-1406931747 > .col-inner{\n margin:0px 0px -20px 0px;\n}\n@media (min-width:550px){\n #col-1406931747 > .col-inner{\n margin:0px 0px -20px 0px;\n}\n}\n<\/style>\n\t<\/div>\n\n\t\n\n\t<div id=\"col-923100772\" class=\"col medium-3 small-6 large-3\" >\n\t\t\t\t<div class=\"col-inner\" >\n\t\t\t\n\t\t\t\n\n<a href=\"https:\/\/cdmassage.com\/en\/thoi-gian-di-chuyen\/\" target=\"_self\" class=\"button primary expand\" style=\"border-radius:10px;\">\n <span>TRAVEL TIME<\/span>\n <\/a>\n\n\n\n\t\t<\/div>\n\t\t\t\t\n<style>\n#col-923100772 > .col-inner{\n margin:0px 0px -20px 0px;\n}\n@media (min-width:550px){\n #col-923100772 > .col-inner{\n margin:0px 0px -20px 0px;\n}\n}\n<\/style>\n\t<\/div>\n\n\t\n\n\t<div id=\"col-980659846\" class=\"col medium-3 small-6 large-3\" >\n\t\t\t\t<div class=\"col-inner\" >\n\t\t\t\n\t\t\t\n\n<a href=\"https:\/\/cdmassage.com\/en\/quyen-loi-loi-ich\/\" target=\"_self\" class=\"button primary expand\" style=\"border-radius:10px;\">\n <span>BENEFITS \u2013 ADVANTAGES<\/span>\n <\/a>\n\n\n\n\t\t<\/div>\n\t\t\t\t\n<style>\n#col-980659846 > .col-inner{\n margin:0px 0px -20px 0px;\n}\n@media (min-width:550px){\n #col-980659846 > .col-inner{\n margin:0px 0px -20px 0px;\n}\n}\n<\/style>\n\t<\/div>\n\n\t\n\n\t<div id=\"col-807576192\" class=\"col medium-3 small-6 large-3\" >\n\t\t\t\t<div class=\"col-inner\" >\n\t\t\t\n\t\t\t\n\n<a href=\"https:\/\/cdmassage.com\/en\/khieu-nai-gop-y\/\" target=\"_self\" class=\"button primary expand\" style=\"border-radius:10px;\">\n <span>COMPLAINTS \u2013 FEEDBACK<\/span>\n <\/a>\n\n\n\n\t\t<\/div>\n\t\t\t\t\n<style>\n#col-807576192 > .col-inner{\n margin:0px 0px -20px 0px;\n}\n@media (min-width:550px){\n #col-807576192 > .col-inner{\n margin:0px 0px -20px 0px;\n}\n}\n<\/style>\n\t<\/div>\n\n\t\n\n\t<div id=\"col-1837947177\" class=\"col medium-3 small-6 large-3\" >\n\t\t\t\t<div class=\"col-inner\" >\n\t\t\t\n\t\t\t\n\n<a href=\"https:\/\/cdmassage.com\/en\/quy-trinh-massage\/\" target=\"_self\" class=\"button primary expand\" style=\"border-radius:10px;\">\n <span>MASSAGE PROCESS<\/span>\n <\/a>\n\n\n\n\t\t<\/div>\n\t\t\t\t\n<style>\n#col-1837947177 > .col-inner{\n margin:0px 0px -20px 0px;\n}\n@media (min-width:550px){\n #col-1837947177 > .col-inner{\n margin:0px 0px -20px 0px;\n}\n}\n<\/style>\n\t<\/div>\n\n\t\n\n\t<div id=\"col-213865762\" class=\"col medium-3 small-6 large-3\" >\n\t\t\t\t<div class=\"col-inner\" >\n\t\t\t\n\t\t\t\n\n<a href=\"https:\/\/cdmassage.com\/en\/lien-he\/\" target=\"_self\" class=\"button primary expand\" style=\"border-radius:10px;\">\n <span>CONTACT<\/span>\n <\/a>\n\n\n\n\t\t<\/div>\n\t\t\t\t\n<style>\n#col-213865762 > .col-inner{\n margin:0px 0px -20px 0px;\n}\n@media (min-width:550px){\n #col-213865762 > .col-inner{\n margin:0px 0px -20px 0px;\n}\n}\n<\/style>\n\t<\/div>\n\n\t\n\n<\/div>\n\n\t\t<\/div>\n\t\t\t\t\t<\/div>\n\n\t\n\n<\/div>","protected":false},"excerpt":{"rendered":"","protected":false},"featured_media":3213,"template":"","meta":{"_acf_changed":false},"product_brand":[],"product_cat":[31],"product_tag":[],"class_list":{"0":"post-3188","1":"product","2":"type-product","3":"status-publish","4":"has-post-thumbnail","6":"product_cat-chua-phan-loai","8":"first","9":"instock","10":"shipping-taxable","11":"purchasable","12":"product-type-variable","13":"has-default-attributes"},"acf":[],"_links":{"self":[{"href":"https:\/\/cdmassage.com\/en\/wp-json\/wp\/v2\/product\/3188","targetHints":{"allow":["GET"]}}],"collection":[{"href":"https:\/\/cdmassage.com\/en\/wp-json\/wp\/v2\/product"}],"about":[{"href":"https:\/\/cdmassage.com\/en\/wp-json\/wp\/v2\/types\/product"}],"wp:featuredmedia":[{"embeddable":true,"href":"https:\/\/cdmassage.com\/en\/wp-json\/wp\/v2\/media\/3213"}],"wp:attachment":[{"href":"https:\/\/cdmassage.com\/en\/wp-json\/wp\/v2\/media?parent=3188"}],"wp:term":[{"taxonomy":"product_brand","embeddable":true,"href":"https:\/\/cdmassage.com\/en\/wp-json\/wp\/v2\/product_brand?post=3188"},{"taxonomy":"product_cat","embeddable":true,"href":"https:\/\/cdmassage.com\/en\/wp-json\/wp\/v2\/product_cat?post=3188"},{"taxonomy":"product_tag","embeddable":true,"href":"https:\/\/cdmassage.com\/en\/wp-json\/wp\/v2\/product_tag?post=3188"}],"curies":[{"name":"wp","href":"https:\/\/api.w.org\/{rel}","templated":true}]}}